{"id":908,"date":"2025-06-26T15:22:49","date_gmt":"2025-06-26T15:22:49","guid":{"rendered":"https:\/\/futurycapital.vc\/?page_id=908"},"modified":"2026-04-13T15:11:34","modified_gmt":"2026-04-13T15:11:34","slug":"impressum","status":"publish","type":"page","link":"https:\/\/futurycapital.vc\/en\/impressum\/","title":{"rendered":"Imprint"},"content":{"rendered":"<p><strong>Futury Capital GmbH<\/strong><br>Paul-Ehrlich-Str. 51<br>60596 Frankfurt am Main<br>E-Mail: <a href=\"mailto:info@futurycapital.vc\" target=\"_blank\" rel=\"noreferrer noopener\">info@futurycapital.vc<\/a><\/p>\n\n\n\n<p><strong>Handelsregister:<\/strong><br>Amtsgericht Frankfurt am Main, HRB 118283<br>Umsatzsteuer-ID: DE329120472<\/p>\n\n\n\n<p><strong>Vertretungsberechtigte Personen:<\/strong><br>Holger Follmann, Jovana Walter, Jonas St\u00fcdemann, J\u00fcrgen Zabel<\/p>\n\n\n\n<p><strong>Aufsichtsbeh\u00f6rde<\/strong><br>Die zust\u00e4ndige Aufsichtsbeh\u00f6rde ist die Bundesanstalt f\u00fcr Finanzdienstleistungsaufsicht (BaFin).<\/p>\n\n\n\n<p><strong>Futury Private Venture GmbH<\/strong><br>Paul-Ehrlich-Str. 51<br>60596 Frankfurt am Main<\/p>\n\n\n\n<p><strong>Handelsregister:<\/strong><br>Amtsgericht Frankfurt am Main, HRB 113054<br>Umsatzsteuer-ID: <a><em>DE357597357<\/em><\/a><\/p>\n\n\n\n<p><strong>Vertretungsberechtigte Personen:<\/strong><br>Jovana Walter, Jonas St\u00fcdemann<\/p>\n\n\n\n<p><strong>Aufsichtsbeh\u00f6rde<\/strong><br>Die zust\u00e4ndige Aufsichtsbeh\u00f6rde ist die Bundesanstalt f\u00fcr Finanzdienstleistungsaufsicht (BaFin).<\/p>\n\n\n\n<hr class=\"wp-block-separator has-alpha-channel-opacity\"\/>\n\n\n\n<h3 class=\"wp-block-heading\"><strong>Hinweis gem\u00e4\u00df Online-Streitbeteiligungsverordnung<\/strong><\/h3>\n\n\n\n<p>Die Europ\u00e4ische Online-Streitbeilegungs-Plattform ist hier zu finden: <a href=\"http:\/\/ec.europa.eu\/odr\" target=\"_blank\" rel=\"noreferrer noopener\">http:\/\/ec.europa.eu\/odr<\/a>.<br>Unsere E-Mail lautet: <a href=\"mailto:info@futurycapital.vc\" target=\"_blank\" rel=\"noreferrer noopener\">info@futurycapital.vc<\/a>.<br>Wir weisen darauf hin, dass wir nicht bereit sind, am Streitbeilegungsverfahren im Rahmen der Europ\u00e4ischen Online-Streitbeilegungs-Plattform teilzunehmen.<\/p>\n\n\n\n<hr class=\"wp-block-separator has-alpha-channel-opacity\"\/>\n\n\n\n<h3 class=\"wp-block-heading\"><strong>Hinweis gem\u00e4\u00df Verbraucherstreitbeilegungsgesetz (VSBG)<\/strong><\/h3>\n\n\n\n<p>Wir sind nicht bereit und verpflichtet, an Streitbeilegungsverfahren vor einer Verbraucherschlichtungsstelle teilzunehmen.<\/p>\n\n\n\n<hr class=\"wp-block-separator has-alpha-channel-opacity\"\/>\n\n\n\n<h3 class=\"wp-block-heading\"><strong>Disclaimer \u2013 Rechtliche Hinweise<\/strong><\/h3>\n\n\n\n<p><strong>\u00a7 1 Warnhinweis zu Inhalten<\/strong><br>Die kostenlosen und frei zug\u00e4nglichen Inhalte dieser Webseite wurden mit gr\u00f6\u00dftm\u00f6glicher Sorgfalt erstellt. Der Anbieter \u00fcbernimmt jedoch keine Gew\u00e4hr f\u00fcr die Richtigkeit und Aktualit\u00e4t der bereitgestellten Inhalte. Namentlich gekennzeichnete Beitr\u00e4ge geben die Meinung des jeweiligen Autors wieder und nicht unbedingt die Meinung des Anbieters.<\/p>\n\n\n\n<p><strong>\u00a7 2 Externe Links<\/strong><br>Diese Website enth\u00e4lt Verkn\u00fcpfungen zu Websites Dritter (\u201eexterne Links\u201c). Diese Websites unterliegen der Haftung der jeweiligen Betreiber. Der Anbieter hat bei der erstmaligen Verkn\u00fcpfung der externen Links die fremden Inhalte daraufhin \u00fcberpr\u00fcft, ob etwaige Rechtsverst\u00f6\u00dfe bestehen. Zu dem Zeitpunkt waren keine Rechtsverst\u00f6\u00dfe ersichtlich.<\/p>\n\n\n\n<p><strong>\u00a7 3 Urheber- und Leistungsschutzrechte<\/strong><br>Die auf dieser Website ver\u00f6ffentlichten Inhalte unterliegen dem deutschen Urheber- und Leistungsschutzrecht. Jede vom deutschen Urheber- und Leistungsschutzrecht nicht zugelassene Verwertung bedarf der vorherigen schriftlichen Zustimmung des Anbieters oder jeweiligen Rechteinhabers.<\/p>\n\n\n\n<p><strong>\u00a7 4 Besondere Nutzungsbedingungen<\/strong><br>Soweit besondere Bedingungen f\u00fcr einzelne Nutzungen dieser Website von den vorgenannten Paragraphen abweichen, wird an entsprechender Stelle ausdr\u00fccklich darauf hingewiesen.<\/p>\n\n\n\n<hr class=\"wp-block-separator has-alpha-channel-opacity\"\/>\n\n\n\n<p><strong>Webdesign &amp; Umsetzung:<\/strong><br>FEUEREIFER f\u00fcr Kommunikation GmbH \u2013&nbsp;<a href=\"https:\/\/www.feuereifer.de\/\" target=\"_blank\" rel=\"noreferrer noopener\">www.feuereifer.de<\/a><\/p>\n\n\n\n<p><a id=\"_msocom_1\"><\/a><\/p>","protected":false},"excerpt":{"rendered":"<p>Futury Capital GmbHPaul-Ehrlich-Str. 5160596 Frankfurt am MainE-Mail: info@futurycapital.vc Handelsregister:Amtsgericht Frankfurt am Main, HRB 118283Umsatzsteuer-ID: DE329120472 Vertretungsberechtigte Personen:Holger Follmann, Jovana Walter, Jonas St\u00fcdemann, J\u00fcrgen Zabel Aufsichtsbeh\u00f6rdeDie zust\u00e4ndige Aufsichtsbeh\u00f6rde ist die Bundesanstalt f\u00fcr Finanzdienstleistungsaufsicht (BaFin). Futury Private Venture GmbHPaul-Ehrlich-Str. 5160596 Frankfurt am Main Handelsregister:Amtsgericht Frankfurt am Main, HRB 113054Umsatzsteuer-ID: DE357597357 Vertretungsberechtigte Personen:Jovana Walter, Jonas St\u00fcdemann Aufsichtsbeh\u00f6rdeDie zust\u00e4ndige [&hellip;]<\/p>\n","protected":false},"author":2,"featured_media":0,"parent":0,"menu_order":0,"comment_status":"closed","ping_status":"closed","template":"","meta":{"footnotes":""},"class_list":["post-908","page","type-page","status-publish","hentry"],"_links":{"self":[{"href":"https:\/\/futurycapital.vc\/en\/wp-json\/wp\/v2\/pages\/908","targetHints":{"allow":["GET"]}}],"collection":[{"href":"https:\/\/futurycapital.vc\/en\/wp-json\/wp\/v2\/pages"}],"about":[{"href":"https:\/\/futurycapital.vc\/en\/wp-json\/wp\/v2\/types\/page"}],"author":[{"embeddable":true,"href":"https:\/\/futurycapital.vc\/en\/wp-json\/wp\/v2\/users\/2"}],"replies":[{"embeddable":true,"href":"https:\/\/futurycapital.vc\/en\/wp-json\/wp\/v2\/comments?post=908"}],"version-history":[{"count":11,"href":"https:\/\/futurycapital.vc\/en\/wp-json\/wp\/v2\/pages\/908\/revisions"}],"predecessor-version":[{"id":1600,"href":"https:\/\/futurycapital.vc\/en\/wp-json\/wp\/v2\/pages\/908\/revisions\/1600"}],"wp:attachment":[{"href":"https:\/\/futurycapital.vc\/en\/wp-json\/wp\/v2\/media?parent=908"}],"curies":[{"name":"wp","href":"https:\/\/api.w.org\/{rel}","templated":true}]}}